{"id":508,"date":"2024-07-10T20:45:02","date_gmt":"2024-07-10T18:45:02","guid":{"rendered":"https:\/\/bottegadarteportorotondo.it\/?post_type=product&#038;p=508"},"modified":"2024-07-11T18:18:45","modified_gmt":"2024-07-11T16:18:45","slug":"mobile-porta-tv","status":"publish","type":"product","link":"https:\/\/bottegadarteportorotondo.it\/?product=mobile-porta-tv","title":{"rendered":"MOBILE PORTA TV"},"content":{"rendered":"<p>&nbsp;<\/p>\n<h2><\/h2>\n<p>Il legno di mango \u00e8 noto per la sua durabilit\u00e0 e resistenza, qualit\u00e0 che lo rendono un materiale eccellente per la realizzazione di mobili. La sua texture unica e le sue venature ben definite conferiscono un aspetto distintivo, capace di impreziosire qualsiasi arredamento.<\/p>\n<p>.<\/p>\n","protected":false},"excerpt":{"rendered":"<p>&nbsp; Il legno di mango \u00e8 noto per la sua durabilit\u00e0 e resistenza, qualit\u00e0 che lo rendono un materiale eccellente per la realizzazione di mobili. La sua texture unica e le sue venature ben definite conferiscono un aspetto distintivo, capace di impreziosire qualsiasi arredamento. .<\/p>\n","protected":false},"featured_media":510,"template":"","meta":{"_monsterinsights_skip_tracking":false,"_monsterinsights_sitenote_active":false,"_monsterinsights_sitenote_note":"","_monsterinsights_sitenote_category":0,"_kadence_starter_templates_imported_post":false,"_kad_post_transparent":"default","_kad_post_title":"","_kad_post_layout":"default","_kad_post_sidebar_id":"","_kad_post_content_style":"default","_kad_post_vertical_padding":"default","_kad_post_feature":"","_kad_post_feature_position":"","_kad_post_header":false,"_kad_post_footer":false},"product_cat":[15],"product_tag":[],"aioseo_notices":[],"jetpack_sharing_enabled":true,"_links":{"self":[{"href":"https:\/\/bottegadarteportorotondo.it\/index.php?rest_route=\/wp\/v2\/product\/508"}],"collection":[{"href":"https:\/\/bottegadarteportorotondo.it\/index.php?rest_route=\/wp\/v2\/product"}],"about":[{"href":"https:\/\/bottegadarteportorotondo.it\/index.php?rest_route=\/wp\/v2\/types\/product"}],"wp:featuredmedia":[{"embeddable":true,"href":"https:\/\/bottegadarteportorotondo.it\/index.php?rest_route=\/wp\/v2\/media\/510"}],"wp:attachment":[{"href":"https:\/\/bottegadarteportorotondo.it\/index.php?rest_route=%2Fwp%2Fv2%2Fmedia&parent=508"}],"wp:term":[{"taxonomy":"product_cat","embeddable":true,"href":"https:\/\/bottegadarteportorotondo.it\/index.php?rest_route=%2Fwp%2Fv2%2Fproduct_cat&post=508"},{"taxonomy":"product_tag","embeddable":true,"href":"https:\/\/bottegadarteportorotondo.it\/index.php?rest_route=%2Fwp%2Fv2%2Fproduct_tag&post=508"}],"curies":[{"name":"wp","href":"https:\/\/api.w.org\/{rel}","templated":true}]}}