{"id":504,"date":"2024-07-10T20:40:07","date_gmt":"2024-07-10T18:40:07","guid":{"rendered":"https:\/\/bottegadarteportorotondo.it\/?post_type=product&#038;p=504"},"modified":"2024-07-10T20:40:07","modified_gmt":"2024-07-10T18:40:07","slug":"como-in-mango","status":"publish","type":"product","link":"https:\/\/bottegadarteportorotondo.it\/?product=como-in-mango","title":{"rendered":"COMO&#8217; IN MANGO"},"content":{"rendered":"<h2><\/h2>\n<p>Realizzata in legno di mango di alta qualit\u00e0, questa com\u00f2 garantisce durabilit\u00e0 e resistenza nel tempo. Il legno di mango non \u00e8 solo robusto, ma presenta anche una naturale bellezza grazie alle sue venature uniche e alla sua calda tonalit\u00e0. Questo rende ogni com\u00f2 un pezzo unico e irripetibile.<\/p>\n<p>&nbsp;<\/p>\n","protected":false},"excerpt":{"rendered":"<p>Realizzata in legno di mango di alta qualit\u00e0, questa com\u00f2 garantisce durabilit\u00e0 e resistenza nel tempo. Il legno di mango non \u00e8 solo robusto, ma presenta anche una naturale bellezza grazie alle sue venature uniche e alla sua calda tonalit\u00e0. Questo rende ogni com\u00f2 un pezzo unico e irripetibile. &nbsp;<\/p>\n","protected":false},"featured_media":505,"template":"","meta":{"_monsterinsights_skip_tracking":false,"_monsterinsights_sitenote_active":false,"_monsterinsights_sitenote_note":"","_monsterinsights_sitenote_category":0,"_kadence_starter_templates_imported_post":false,"_kad_post_transparent":"default","_kad_post_title":"","_kad_post_layout":"default","_kad_post_sidebar_id":"","_kad_post_content_style":"default","_kad_post_vertical_padding":"default","_kad_post_feature":"","_kad_post_feature_position":"","_kad_post_header":false,"_kad_post_footer":false},"product_cat":[15],"product_tag":[],"aioseo_notices":[],"jetpack_sharing_enabled":true,"_links":{"self":[{"href":"https:\/\/bottegadarteportorotondo.it\/index.php?rest_route=\/wp\/v2\/product\/504"}],"collection":[{"href":"https:\/\/bottegadarteportorotondo.it\/index.php?rest_route=\/wp\/v2\/product"}],"about":[{"href":"https:\/\/bottegadarteportorotondo.it\/index.php?rest_route=\/wp\/v2\/types\/product"}],"wp:featuredmedia":[{"embeddable":true,"href":"https:\/\/bottegadarteportorotondo.it\/index.php?rest_route=\/wp\/v2\/media\/505"}],"wp:attachment":[{"href":"https:\/\/bottegadarteportorotondo.it\/index.php?rest_route=%2Fwp%2Fv2%2Fmedia&parent=504"}],"wp:term":[{"taxonomy":"product_cat","embeddable":true,"href":"https:\/\/bottegadarteportorotondo.it\/index.php?rest_route=%2Fwp%2Fv2%2Fproduct_cat&post=504"},{"taxonomy":"product_tag","embeddable":true,"href":"https:\/\/bottegadarteportorotondo.it\/index.php?rest_route=%2Fwp%2Fv2%2Fproduct_tag&post=504"}],"curies":[{"name":"wp","href":"https:\/\/api.w.org\/{rel}","templated":true}]}}