{"id":492,"date":"2024-07-10T20:10:02","date_gmt":"2024-07-10T18:10:02","guid":{"rendered":"https:\/\/bottegadarteportorotondo.it\/?post_type=product&#038;p=492"},"modified":"2024-07-10T20:10:03","modified_gmt":"2024-07-10T18:10:03","slug":"vassoio-tondo","status":"publish","type":"product","link":"https:\/\/bottegadarteportorotondo.it\/?product=vassoio-tondo","title":{"rendered":"VASSOIO TONDO"},"content":{"rendered":"<h2><\/h2>\n<p>Il rattan utilizzato per la produzione di questo vassoio \u00e8 selezionato con grande cura per garantire una resistenza superiore e una lunga durata. Ogni vassoio \u00e8 intrecciato a mano da artigiani esperti, assicurando che ogni pezzo sia unico e di altissima qualit\u00e0. Il risultato finale \u00e8 un prodotto che combina tradizione e modernit\u00e0 in modo armonioso.<\/p>\n<p>&nbsp;<\/p>\n","protected":false},"excerpt":{"rendered":"<p>Il rattan utilizzato per la produzione di questo vassoio \u00e8 selezionato con grande cura per garantire una resistenza superiore e una lunga durata. Ogni vassoio \u00e8 intrecciato a mano da artigiani esperti, assicurando che ogni pezzo sia unico e di altissima qualit\u00e0. Il risultato finale \u00e8 un prodotto che combina tradizione e modernit\u00e0 in modo&#8230;<\/p>\n","protected":false},"featured_media":493,"template":"","meta":{"_monsterinsights_skip_tracking":false,"_monsterinsights_sitenote_active":false,"_monsterinsights_sitenote_note":"","_monsterinsights_sitenote_category":0,"_kadence_starter_templates_imported_post":false,"_kad_post_transparent":"default","_kad_post_title":"","_kad_post_layout":"default","_kad_post_sidebar_id":"","_kad_post_content_style":"default","_kad_post_vertical_padding":"default","_kad_post_feature":"","_kad_post_feature_position":"","_kad_post_header":false,"_kad_post_footer":false},"product_cat":[15],"product_tag":[],"aioseo_notices":[],"jetpack_sharing_enabled":true,"_links":{"self":[{"href":"https:\/\/bottegadarteportorotondo.it\/index.php?rest_route=\/wp\/v2\/product\/492"}],"collection":[{"href":"https:\/\/bottegadarteportorotondo.it\/index.php?rest_route=\/wp\/v2\/product"}],"about":[{"href":"https:\/\/bottegadarteportorotondo.it\/index.php?rest_route=\/wp\/v2\/types\/product"}],"wp:featuredmedia":[{"embeddable":true,"href":"https:\/\/bottegadarteportorotondo.it\/index.php?rest_route=\/wp\/v2\/media\/493"}],"wp:attachment":[{"href":"https:\/\/bottegadarteportorotondo.it\/index.php?rest_route=%2Fwp%2Fv2%2Fmedia&parent=492"}],"wp:term":[{"taxonomy":"product_cat","embeddable":true,"href":"https:\/\/bottegadarteportorotondo.it\/index.php?rest_route=%2Fwp%2Fv2%2Fproduct_cat&post=492"},{"taxonomy":"product_tag","embeddable":true,"href":"https:\/\/bottegadarteportorotondo.it\/index.php?rest_route=%2Fwp%2Fv2%2Fproduct_tag&post=492"}],"curies":[{"name":"wp","href":"https:\/\/api.w.org\/{rel}","templated":true}]}}