{"id":486,"date":"2024-07-10T20:00:20","date_gmt":"2024-07-10T18:00:20","guid":{"rendered":"https:\/\/bottegadarteportorotondo.it\/?post_type=product&#038;p=486"},"modified":"2024-07-13T10:39:09","modified_gmt":"2024-07-13T08:39:09","slug":"secchiello-porta-bottiglia","status":"publish","type":"product","link":"https:\/\/bottegadarteportorotondo.it\/?product=secchiello-porta-bottiglia","title":{"rendered":"SECCHIELLO PORTA BOTTIGLIA"},"content":{"rendered":"<h2><\/h2>\n<h2><\/h2>\n<p>Realizzato in rattan di lusso, il secchiello porta bottiglia \u00e8 un esempio di artigianato di alta qualit\u00e0. Il rattan \u00e8 un materiale naturale conosciuto per la sua resistenza e leggerezza. Questo secchiello non solo \u00e8 durevole, ma offre anche un aspetto sofisticato che si adatta a qualsiasi ambiente, sia domestico che professionale.<\/p>\n<p>&nbsp;<\/p>\n","protected":false},"excerpt":{"rendered":"<p>Realizzato in rattan di lusso, il secchiello porta bottiglia \u00e8 un esempio di artigianato di alta qualit\u00e0. Il rattan \u00e8 un materiale naturale conosciuto per la sua resistenza e leggerezza. Questo secchiello non solo \u00e8 durevole, ma offre anche un aspetto sofisticato che si adatta a qualsiasi ambiente, sia domestico che professionale. &nbsp;<\/p>\n","protected":false},"featured_media":487,"template":"","meta":{"_monsterinsights_skip_tracking":false,"_monsterinsights_sitenote_active":false,"_monsterinsights_sitenote_note":"","_monsterinsights_sitenote_category":0,"_kadence_starter_templates_imported_post":false,"_kad_post_transparent":"default","_kad_post_title":"","_kad_post_layout":"default","_kad_post_sidebar_id":"","_kad_post_content_style":"default","_kad_post_vertical_padding":"default","_kad_post_feature":"","_kad_post_feature_position":"","_kad_post_header":false,"_kad_post_footer":false},"product_cat":[15],"product_tag":[],"aioseo_notices":[],"jetpack_sharing_enabled":true,"_links":{"self":[{"href":"https:\/\/bottegadarteportorotondo.it\/index.php?rest_route=\/wp\/v2\/product\/486"}],"collection":[{"href":"https:\/\/bottegadarteportorotondo.it\/index.php?rest_route=\/wp\/v2\/product"}],"about":[{"href":"https:\/\/bottegadarteportorotondo.it\/index.php?rest_route=\/wp\/v2\/types\/product"}],"wp:featuredmedia":[{"embeddable":true,"href":"https:\/\/bottegadarteportorotondo.it\/index.php?rest_route=\/wp\/v2\/media\/487"}],"wp:attachment":[{"href":"https:\/\/bottegadarteportorotondo.it\/index.php?rest_route=%2Fwp%2Fv2%2Fmedia&parent=486"}],"wp:term":[{"taxonomy":"product_cat","embeddable":true,"href":"https:\/\/bottegadarteportorotondo.it\/index.php?rest_route=%2Fwp%2Fv2%2Fproduct_cat&post=486"},{"taxonomy":"product_tag","embeddable":true,"href":"https:\/\/bottegadarteportorotondo.it\/index.php?rest_route=%2Fwp%2Fv2%2Fproduct_tag&post=486"}],"curies":[{"name":"wp","href":"https:\/\/api.w.org\/{rel}","templated":true}]}}