{"id":391,"date":"2024-06-21T10:51:22","date_gmt":"2024-06-21T08:51:22","guid":{"rendered":"https:\/\/bottegadarteportorotondo.it\/?post_type=product&#038;p=391"},"modified":"2024-06-21T10:51:22","modified_gmt":"2024-06-21T08:51:22","slug":"sedia-lounge","status":"publish","type":"product","link":"https:\/\/bottegadarteportorotondo.it\/?product=sedia-lounge","title":{"rendered":"SEDIA LOUNGE"},"content":{"rendered":"<h2><\/h2>\n<p>Questa sedia non \u00e8 solo esteticamente piacevole, ma anche estremamente comoda. La larghezza e la profondit\u00e0 della seduta sono state studiate per offrire spazio sufficiente per due persone, rendendola una scelta eccellente per momenti di relax in compagnia.<\/p>\n<h2><\/h2>\n<p>Un altro grande vantaggio di questa sedia \u00e8 la facilit\u00e0 di manutenzione. La fibra sintetica \u00e8 facile da pulire con un panno umido, mentre la struttura in alluminio non richiede cure particolari. Questo rende la sedia una scelta pratica oltre che elegante, mantenendo il suo aspetto impeccabile nel tempo con il minimo sforzo.<\/p>\n","protected":false},"excerpt":{"rendered":"<p>Questa sedia non \u00e8 solo esteticamente piacevole, ma anche estremamente comoda. La larghezza e la profondit\u00e0 della seduta sono state studiate per offrire spazio sufficiente per due persone, rendendola una scelta eccellente per momenti di relax in compagnia. Un altro grande vantaggio di questa sedia \u00e8 la facilit\u00e0 di manutenzione. La fibra sintetica \u00e8 facile&#8230;<\/p>\n","protected":false},"featured_media":392,"template":"","meta":{"_monsterinsights_skip_tracking":false,"_monsterinsights_sitenote_active":false,"_monsterinsights_sitenote_note":"","_monsterinsights_sitenote_category":0,"_kadence_starter_templates_imported_post":false,"_kad_post_transparent":"default","_kad_post_title":"","_kad_post_layout":"default","_kad_post_sidebar_id":"","_kad_post_content_style":"default","_kad_post_vertical_padding":"default","_kad_post_feature":"","_kad_post_feature_position":"","_kad_post_header":false,"_kad_post_footer":false},"product_cat":[15],"product_tag":[],"aioseo_notices":[],"jetpack_sharing_enabled":true,"_links":{"self":[{"href":"https:\/\/bottegadarteportorotondo.it\/index.php?rest_route=\/wp\/v2\/product\/391"}],"collection":[{"href":"https:\/\/bottegadarteportorotondo.it\/index.php?rest_route=\/wp\/v2\/product"}],"about":[{"href":"https:\/\/bottegadarteportorotondo.it\/index.php?rest_route=\/wp\/v2\/types\/product"}],"wp:featuredmedia":[{"embeddable":true,"href":"https:\/\/bottegadarteportorotondo.it\/index.php?rest_route=\/wp\/v2\/media\/392"}],"wp:attachment":[{"href":"https:\/\/bottegadarteportorotondo.it\/index.php?rest_route=%2Fwp%2Fv2%2Fmedia&parent=391"}],"wp:term":[{"taxonomy":"product_cat","embeddable":true,"href":"https:\/\/bottegadarteportorotondo.it\/index.php?rest_route=%2Fwp%2Fv2%2Fproduct_cat&post=391"},{"taxonomy":"product_tag","embeddable":true,"href":"https:\/\/bottegadarteportorotondo.it\/index.php?rest_route=%2Fwp%2Fv2%2Fproduct_tag&post=391"}],"curies":[{"name":"wp","href":"https:\/\/api.w.org\/{rel}","templated":true}]}}