{"id":353,"date":"2024-06-02T20:01:08","date_gmt":"2024-06-02T18:01:08","guid":{"rendered":"https:\/\/bottegadarteportorotondo.it\/?post_type=product&#038;p=353"},"modified":"2024-07-26T18:10:17","modified_gmt":"2024-07-26T16:10:17","slug":"tappeto-230x160","status":"publish","type":"product","link":"https:\/\/bottegadarteportorotondo.it\/?product=tappeto-230x160","title":{"rendered":"TAPPETO 230X160"},"content":{"rendered":"<h2>Introduzione al Tappeto con Disegno Tono su Tono<\/h2>\n<p>Il tappeto con disegno tono su tono in lana e cotone rappresenta una scelta sofisticata per chi desidera aggiungere un tocco di eleganza e comfort alla propria casa. Questo tappeto \u00e8 un esempio perfetto di come materiali di alta qualit\u00e0 possano essere combinati per creare un prodotto che \u00e8 allo stesso tempo funzionale e visivamente accattivante.<\/p>\n<p>&nbsp;<\/p>\n","protected":false},"excerpt":{"rendered":"<p>Introduzione al Tappeto con Disegno Tono su Tono Il tappeto con disegno tono su tono in lana e cotone rappresenta una scelta sofisticata per chi desidera aggiungere un tocco di eleganza e comfort alla propria casa. Questo tappeto \u00e8 un esempio perfetto di come materiali di alta qualit\u00e0 possano essere combinati per creare un prodotto&#8230;<\/p>\n","protected":false},"featured_media":354,"template":"","meta":{"_monsterinsights_skip_tracking":false,"_monsterinsights_sitenote_active":false,"_monsterinsights_sitenote_note":"","_monsterinsights_sitenote_category":0,"_kadence_starter_templates_imported_post":false,"_kad_post_transparent":"default","_kad_post_title":"","_kad_post_layout":"default","_kad_post_sidebar_id":"","_kad_post_content_style":"default","_kad_post_vertical_padding":"default","_kad_post_feature":"","_kad_post_feature_position":"","_kad_post_header":false,"_kad_post_footer":false},"product_cat":[15],"product_tag":[],"aioseo_notices":[],"jetpack_sharing_enabled":true,"_links":{"self":[{"href":"https:\/\/bottegadarteportorotondo.it\/index.php?rest_route=\/wp\/v2\/product\/353"}],"collection":[{"href":"https:\/\/bottegadarteportorotondo.it\/index.php?rest_route=\/wp\/v2\/product"}],"about":[{"href":"https:\/\/bottegadarteportorotondo.it\/index.php?rest_route=\/wp\/v2\/types\/product"}],"wp:featuredmedia":[{"embeddable":true,"href":"https:\/\/bottegadarteportorotondo.it\/index.php?rest_route=\/wp\/v2\/media\/354"}],"wp:attachment":[{"href":"https:\/\/bottegadarteportorotondo.it\/index.php?rest_route=%2Fwp%2Fv2%2Fmedia&parent=353"}],"wp:term":[{"taxonomy":"product_cat","embeddable":true,"href":"https:\/\/bottegadarteportorotondo.it\/index.php?rest_route=%2Fwp%2Fv2%2Fproduct_cat&post=353"},{"taxonomy":"product_tag","embeddable":true,"href":"https:\/\/bottegadarteportorotondo.it\/index.php?rest_route=%2Fwp%2Fv2%2Fproduct_tag&post=353"}],"curies":[{"name":"wp","href":"https:\/\/api.w.org\/{rel}","templated":true}]}}