{"id":333,"date":"2024-05-17T11:36:51","date_gmt":"2024-05-17T09:36:51","guid":{"rendered":"https:\/\/bottegadarteportorotondo.it\/?post_type=product&#038;p=333"},"modified":"2024-05-19T08:45:06","modified_gmt":"2024-05-19T06:45:06","slug":"6-tazze-fai-un-bel-sorriso","status":"publish","type":"product","link":"https:\/\/bottegadarteportorotondo.it\/?product=6-tazze-fai-un-bel-sorriso","title":{"rendered":"6 TAZZE &#8220;FAI UN BEL SORRISO&#8221;"},"content":{"rendered":"<h2>Caratteristiche e Vantaggi del Vetro Borosilicato<\/h2>\n<p>Il vetro borosilicato \u00e8 un materiale altamente apprezzato per la sua straordinaria resistenza termica e chimica, rendendolo ideale per le tazze da colazione. Grazie alla sua composizione unica, il vetro borosilicato pu\u00f2 sopportare temperature estremamente alte e basse senza subire danni. Questa propriet\u00e0 lo rende perfetto per chi ama variare tra bevande calde e fredde, mantenendo la temperatura desiderata molto pi\u00f9 a lungo rispetto ad altri materiali tradizionali.<\/p>\n<p>&nbsp;<\/p>\n","protected":false},"excerpt":{"rendered":"<p>Caratteristiche e Vantaggi del Vetro Borosilicato Il vetro borosilicato \u00e8 un materiale altamente apprezzato per la sua straordinaria resistenza termica e chimica, rendendolo ideale per le tazze da colazione. Grazie alla sua composizione unica, il vetro borosilicato pu\u00f2 sopportare temperature estremamente alte e basse senza subire danni. Questa propriet\u00e0 lo rende perfetto per chi ama&#8230;<\/p>\n","protected":false},"featured_media":331,"template":"","meta":{"_monsterinsights_skip_tracking":false,"_monsterinsights_sitenote_active":false,"_monsterinsights_sitenote_note":"","_monsterinsights_sitenote_category":0,"_kadence_starter_templates_imported_post":false,"_kad_post_transparent":"default","_kad_post_title":"","_kad_post_layout":"default","_kad_post_sidebar_id":"","_kad_post_content_style":"default","_kad_post_vertical_padding":"default","_kad_post_feature":"","_kad_post_feature_position":"","_kad_post_header":false,"_kad_post_footer":false},"product_cat":[15],"product_tag":[],"aioseo_notices":[],"jetpack_sharing_enabled":true,"_links":{"self":[{"href":"https:\/\/bottegadarteportorotondo.it\/index.php?rest_route=\/wp\/v2\/product\/333"}],"collection":[{"href":"https:\/\/bottegadarteportorotondo.it\/index.php?rest_route=\/wp\/v2\/product"}],"about":[{"href":"https:\/\/bottegadarteportorotondo.it\/index.php?rest_route=\/wp\/v2\/types\/product"}],"wp:featuredmedia":[{"embeddable":true,"href":"https:\/\/bottegadarteportorotondo.it\/index.php?rest_route=\/wp\/v2\/media\/331"}],"wp:attachment":[{"href":"https:\/\/bottegadarteportorotondo.it\/index.php?rest_route=%2Fwp%2Fv2%2Fmedia&parent=333"}],"wp:term":[{"taxonomy":"product_cat","embeddable":true,"href":"https:\/\/bottegadarteportorotondo.it\/index.php?rest_route=%2Fwp%2Fv2%2Fproduct_cat&post=333"},{"taxonomy":"product_tag","embeddable":true,"href":"https:\/\/bottegadarteportorotondo.it\/index.php?rest_route=%2Fwp%2Fv2%2Fproduct_tag&post=333"}],"curies":[{"name":"wp","href":"https:\/\/api.w.org\/{rel}","templated":true}]}}