{"id":321,"date":"2024-05-17T11:18:47","date_gmt":"2024-05-17T09:18:47","guid":{"rendered":"https:\/\/bottegadarteportorotondo.it\/?post_type=product&#038;p=321"},"modified":"2024-05-29T18:11:00","modified_gmt":"2024-05-29T16:11:00","slug":"6-bicchieri-birra","status":"publish","type":"product","link":"https:\/\/bottegadarteportorotondo.it\/?product=6-bicchieri-birra","title":{"rendered":"6 BICCHIERI BIRRA"},"content":{"rendered":"<h2>Caratteristiche e Vantaggi del Vetro Borosilicato<\/h2>\n<p>Il vetro borosilicato si distingue per le sue numerose propriet\u00e0 uniche, che lo rendono un materiale ideale sia per l&#8217;uso domestico che professionale. Una delle caratteristiche pi\u00f9 notevoli del vetro borosilicato \u00e8 la sua eccezionale resistenza al calore. Grazie alla sua bassa espansione termica, questo tipo di vetro pu\u00f2 sopportare variazioni di temperatura estreme senza subire crepe o rotture. Questa qualit\u00e0 \u00e8 particolarmente importante in ambienti come cucine e laboratori, dove il vetro \u00e8 frequentemente esposto a sbalzi termici.<\/p>\n<p>&nbsp;<\/p>\n","protected":false},"excerpt":{"rendered":"<p>Caratteristiche e Vantaggi del Vetro Borosilicato Il vetro borosilicato si distingue per le sue numerose propriet\u00e0 uniche, che lo rendono un materiale ideale sia per l&#8217;uso domestico che professionale. Una delle caratteristiche pi\u00f9 notevoli del vetro borosilicato \u00e8 la sua eccezionale resistenza al calore. Grazie alla sua bassa espansione termica, questo tipo di vetro pu\u00f2&#8230;<\/p>\n","protected":false},"featured_media":322,"template":"","meta":{"_monsterinsights_skip_tracking":false,"_monsterinsights_sitenote_active":false,"_monsterinsights_sitenote_note":"","_monsterinsights_sitenote_category":0,"_kadence_starter_templates_imported_post":false,"_kad_post_transparent":"default","_kad_post_title":"","_kad_post_layout":"default","_kad_post_sidebar_id":"","_kad_post_content_style":"default","_kad_post_vertical_padding":"default","_kad_post_feature":"","_kad_post_feature_position":"","_kad_post_header":false,"_kad_post_footer":false},"product_cat":[15],"product_tag":[],"aioseo_notices":[],"jetpack_sharing_enabled":true,"_links":{"self":[{"href":"https:\/\/bottegadarteportorotondo.it\/index.php?rest_route=\/wp\/v2\/product\/321"}],"collection":[{"href":"https:\/\/bottegadarteportorotondo.it\/index.php?rest_route=\/wp\/v2\/product"}],"about":[{"href":"https:\/\/bottegadarteportorotondo.it\/index.php?rest_route=\/wp\/v2\/types\/product"}],"wp:featuredmedia":[{"embeddable":true,"href":"https:\/\/bottegadarteportorotondo.it\/index.php?rest_route=\/wp\/v2\/media\/322"}],"wp:attachment":[{"href":"https:\/\/bottegadarteportorotondo.it\/index.php?rest_route=%2Fwp%2Fv2%2Fmedia&parent=321"}],"wp:term":[{"taxonomy":"product_cat","embeddable":true,"href":"https:\/\/bottegadarteportorotondo.it\/index.php?rest_route=%2Fwp%2Fv2%2Fproduct_cat&post=321"},{"taxonomy":"product_tag","embeddable":true,"href":"https:\/\/bottegadarteportorotondo.it\/index.php?rest_route=%2Fwp%2Fv2%2Fproduct_tag&post=321"}],"curies":[{"name":"wp","href":"https:\/\/api.w.org\/{rel}","templated":true}]}}