{"id":318,"date":"2024-05-17T11:04:23","date_gmt":"2024-05-17T09:04:23","guid":{"rendered":"https:\/\/bottegadarteportorotondo.it\/?post_type=product&#038;p=318"},"modified":"2024-07-15T18:35:41","modified_gmt":"2024-07-15T16:35:41","slug":"6-tazze-latte-cereali","status":"publish","type":"product","link":"https:\/\/bottegadarteportorotondo.it\/?product=6-tazze-latte-cereali","title":{"rendered":"6 TAZZE &#8220;LATTE &#038; CEREALI&#8221;"},"content":{"rendered":"<h2>Le Caratteristiche delle Tazze in Vetro Borosilicato<\/h2>\n<p>Le tazze in vetro borosilicato sono apprezzate per le loro caratteristiche distintive, che le rendono una scelta eccellente sia per uso quotidiano che professionale. Uno degli aspetti pi\u00f9 rilevanti di questo materiale \u00e8 la sua composizione chimica. Il vetro borosilicato \u00e8 costituito principalmente da borosilicato di sodio e allumina, elementi che conferiscono al materiale una combinazione unica di resistenza e durabilit\u00e0. Questo tipo di vetro \u00e8 meno soggetto a rotture e crepe rispetto al vetro tradizionale, grazie alla sua struttura molecolare stabile.<\/p>\n<p>&nbsp;<\/p>\n","protected":false},"excerpt":{"rendered":"<p>Le Caratteristiche delle Tazze in Vetro Borosilicato Le tazze in vetro borosilicato sono apprezzate per le loro caratteristiche distintive, che le rendono una scelta eccellente sia per uso quotidiano che professionale. Uno degli aspetti pi\u00f9 rilevanti di questo materiale \u00e8 la sua composizione chimica. Il vetro borosilicato \u00e8 costituito principalmente da borosilicato di sodio e&#8230;<\/p>\n","protected":false},"featured_media":319,"template":"","meta":{"_monsterinsights_skip_tracking":false,"_monsterinsights_sitenote_active":false,"_monsterinsights_sitenote_note":"","_monsterinsights_sitenote_category":0,"_kadence_starter_templates_imported_post":false,"_kad_post_transparent":"default","_kad_post_title":"","_kad_post_layout":"default","_kad_post_sidebar_id":"","_kad_post_content_style":"default","_kad_post_vertical_padding":"default","_kad_post_feature":"","_kad_post_feature_position":"","_kad_post_header":false,"_kad_post_footer":false},"product_cat":[15],"product_tag":[],"aioseo_notices":[],"jetpack_sharing_enabled":true,"_links":{"self":[{"href":"https:\/\/bottegadarteportorotondo.it\/index.php?rest_route=\/wp\/v2\/product\/318"}],"collection":[{"href":"https:\/\/bottegadarteportorotondo.it\/index.php?rest_route=\/wp\/v2\/product"}],"about":[{"href":"https:\/\/bottegadarteportorotondo.it\/index.php?rest_route=\/wp\/v2\/types\/product"}],"wp:featuredmedia":[{"embeddable":true,"href":"https:\/\/bottegadarteportorotondo.it\/index.php?rest_route=\/wp\/v2\/media\/319"}],"wp:attachment":[{"href":"https:\/\/bottegadarteportorotondo.it\/index.php?rest_route=%2Fwp%2Fv2%2Fmedia&parent=318"}],"wp:term":[{"taxonomy":"product_cat","embeddable":true,"href":"https:\/\/bottegadarteportorotondo.it\/index.php?rest_route=%2Fwp%2Fv2%2Fproduct_cat&post=318"},{"taxonomy":"product_tag","embeddable":true,"href":"https:\/\/bottegadarteportorotondo.it\/index.php?rest_route=%2Fwp%2Fv2%2Fproduct_tag&post=318"}],"curies":[{"name":"wp","href":"https:\/\/api.w.org\/{rel}","templated":true}]}}