{"id":296,"date":"2024-05-16T12:12:12","date_gmt":"2024-05-16T10:12:12","guid":{"rendered":"https:\/\/bottegadarteportorotondo.it\/?post_type=product&#038;p=296"},"modified":"2024-07-14T10:18:55","modified_gmt":"2024-07-14T08:18:55","slug":"set-6-cuscini-lino","status":"publish","type":"product","link":"https:\/\/bottegadarteportorotondo.it\/?product=set-6-cuscini-lino","title":{"rendered":"SET 6 CUSCINI LINO"},"content":{"rendered":"<h2>Cuscini in Puro Lino di Alta Qualit\u00e0: Il Perfetto Complemento per la Tua Casa<\/h2>\n<p>Quando si tratta di arredare la propria casa, ogni dettaglio conta. I cuscini in puro lino di alta qualit\u00e0 non sono solo un accessorio per il comfort, ma anche un elemento decorativo che pu\u00f2 trasformare l&#8217;aspetto di qualsiasi ambiente. Con la loro eleganza e versatilit\u00e0, questi cuscini sono il complemento perfetto per la tua casa.<\/p>\n<p>&nbsp;<\/p>\n","protected":false},"excerpt":{"rendered":"<p>Cuscini in Puro Lino di Alta Qualit\u00e0: Il Perfetto Complemento per la Tua Casa Quando si tratta di arredare la propria casa, ogni dettaglio conta. I cuscini in puro lino di alta qualit\u00e0 non sono solo un accessorio per il comfort, ma anche un elemento decorativo che pu\u00f2 trasformare l&#8217;aspetto di qualsiasi ambiente. Con la&#8230;<\/p>\n","protected":false},"featured_media":298,"template":"","meta":{"_monsterinsights_skip_tracking":false,"_monsterinsights_sitenote_active":false,"_monsterinsights_sitenote_note":"","_monsterinsights_sitenote_category":0,"_kadence_starter_templates_imported_post":false,"_kad_post_transparent":"default","_kad_post_title":"","_kad_post_layout":"default","_kad_post_sidebar_id":"","_kad_post_content_style":"default","_kad_post_vertical_padding":"default","_kad_post_feature":"","_kad_post_feature_position":"","_kad_post_header":false,"_kad_post_footer":false},"product_cat":[15],"product_tag":[],"aioseo_notices":[],"jetpack_sharing_enabled":true,"_links":{"self":[{"href":"https:\/\/bottegadarteportorotondo.it\/index.php?rest_route=\/wp\/v2\/product\/296"}],"collection":[{"href":"https:\/\/bottegadarteportorotondo.it\/index.php?rest_route=\/wp\/v2\/product"}],"about":[{"href":"https:\/\/bottegadarteportorotondo.it\/index.php?rest_route=\/wp\/v2\/types\/product"}],"wp:featuredmedia":[{"embeddable":true,"href":"https:\/\/bottegadarteportorotondo.it\/index.php?rest_route=\/wp\/v2\/media\/298"}],"wp:attachment":[{"href":"https:\/\/bottegadarteportorotondo.it\/index.php?rest_route=%2Fwp%2Fv2%2Fmedia&parent=296"}],"wp:term":[{"taxonomy":"product_cat","embeddable":true,"href":"https:\/\/bottegadarteportorotondo.it\/index.php?rest_route=%2Fwp%2Fv2%2Fproduct_cat&post=296"},{"taxonomy":"product_tag","embeddable":true,"href":"https:\/\/bottegadarteportorotondo.it\/index.php?rest_route=%2Fwp%2Fv2%2Fproduct_tag&post=296"}],"curies":[{"name":"wp","href":"https:\/\/api.w.org\/{rel}","templated":true}]}}