{"id":286,"date":"2024-05-13T12:14:12","date_gmt":"2024-05-13T10:14:12","guid":{"rendered":"https:\/\/bottegadarteportorotondo.it\/?post_type=product&#038;p=286"},"modified":"2024-05-13T12:14:12","modified_gmt":"2024-05-13T10:14:12","slug":"mobile-2-ante","status":"publish","type":"product","link":"https:\/\/bottegadarteportorotondo.it\/?product=mobile-2-ante","title":{"rendered":"MOBILE 2 ANTE"},"content":{"rendered":"<h2>Mobile in legno con dettagli in paglia: elegante e di qualit\u00e0<\/h2>\n<p>Il nostro mobile in legno con dettagli in paglia \u00e8 la scelta perfetta per chi cerca un arredo elegante e di qualit\u00e0 per la propria casa. .<\/p>\n<p>Grazie ai dettagli in paglia, questo mobile aggiunge un tocco di raffinatezza e originalit\u00e0 all&#8217;ambiente in cui viene collocato. La paglia, con la sua texture naturale e la sua tonalit\u00e0 calda, conferisce al mobile un aspetto unico e sofisticato.<\/p>\n<p>&nbsp;<\/p>\n","protected":false},"excerpt":{"rendered":"<p>Mobile in legno con dettagli in paglia: elegante e di qualit\u00e0 Il nostro mobile in legno con dettagli in paglia \u00e8 la scelta perfetta per chi cerca un arredo elegante e di qualit\u00e0 per la propria casa. . Grazie ai dettagli in paglia, questo mobile aggiunge un tocco di raffinatezza e originalit\u00e0 all&#8217;ambiente in cui&#8230;<\/p>\n","protected":false},"featured_media":282,"template":"","meta":{"_monsterinsights_skip_tracking":false,"_monsterinsights_sitenote_active":false,"_monsterinsights_sitenote_note":"","_monsterinsights_sitenote_category":0,"_kadence_starter_templates_imported_post":false,"_kad_post_transparent":"default","_kad_post_title":"","_kad_post_layout":"default","_kad_post_sidebar_id":"","_kad_post_content_style":"default","_kad_post_vertical_padding":"default","_kad_post_feature":"","_kad_post_feature_position":"","_kad_post_header":false,"_kad_post_footer":false},"product_cat":[15],"product_tag":[],"aioseo_notices":[],"jetpack_sharing_enabled":true,"_links":{"self":[{"href":"https:\/\/bottegadarteportorotondo.it\/index.php?rest_route=\/wp\/v2\/product\/286"}],"collection":[{"href":"https:\/\/bottegadarteportorotondo.it\/index.php?rest_route=\/wp\/v2\/product"}],"about":[{"href":"https:\/\/bottegadarteportorotondo.it\/index.php?rest_route=\/wp\/v2\/types\/product"}],"wp:featuredmedia":[{"embeddable":true,"href":"https:\/\/bottegadarteportorotondo.it\/index.php?rest_route=\/wp\/v2\/media\/282"}],"wp:attachment":[{"href":"https:\/\/bottegadarteportorotondo.it\/index.php?rest_route=%2Fwp%2Fv2%2Fmedia&parent=286"}],"wp:term":[{"taxonomy":"product_cat","embeddable":true,"href":"https:\/\/bottegadarteportorotondo.it\/index.php?rest_route=%2Fwp%2Fv2%2Fproduct_cat&post=286"},{"taxonomy":"product_tag","embeddable":true,"href":"https:\/\/bottegadarteportorotondo.it\/index.php?rest_route=%2Fwp%2Fv2%2Fproduct_tag&post=286"}],"curies":[{"name":"wp","href":"https:\/\/api.w.org\/{rel}","templated":true}]}}