{"id":250,"date":"2024-05-12T23:33:46","date_gmt":"2024-05-12T21:33:46","guid":{"rendered":"https:\/\/bottegadarteportorotondo.it\/?post_type=product&#038;p=250"},"modified":"2024-07-15T13:20:57","modified_gmt":"2024-07-15T11:20:57","slug":"lettino-prendisole","status":"publish","type":"product","link":"https:\/\/bottegadarteportorotondo.it\/?product=lettino-prendisole","title":{"rendered":"LETTINO PRENDISOLE"},"content":{"rendered":"<h2>Lettino prendisole in teak e fibra di alta qualit\u00e0<\/h2>\n<p>Il nostro lettino prendisole \u00e8 realizzato con materiali di alta qualit\u00e0 come il teak e la fibra, garantendo durata e resistenza nel tempo. Questo lettino \u00e8 perfetto per godersi momenti di relax e comfort all&#8217;aperto.<\/p>\n<h2><\/h2>\n","protected":false},"excerpt":{"rendered":"<p>Lettino prendisole in teak e fibra di alta qualit\u00e0 Il nostro lettino prendisole \u00e8 realizzato con materiali di alta qualit\u00e0 come il teak e la fibra, garantendo durata e resistenza nel tempo. Questo lettino \u00e8 perfetto per godersi momenti di relax e comfort all&#8217;aperto.<\/p>\n","protected":false},"featured_media":251,"template":"","meta":{"_monsterinsights_skip_tracking":false,"_monsterinsights_sitenote_active":false,"_monsterinsights_sitenote_note":"","_monsterinsights_sitenote_category":0,"_kadence_starter_templates_imported_post":false,"_kad_post_transparent":"default","_kad_post_title":"","_kad_post_layout":"default","_kad_post_sidebar_id":"","_kad_post_content_style":"default","_kad_post_vertical_padding":"default","_kad_post_feature":"","_kad_post_feature_position":"","_kad_post_header":false,"_kad_post_footer":false},"product_cat":[15],"product_tag":[],"aioseo_notices":[],"jetpack_sharing_enabled":true,"_links":{"self":[{"href":"https:\/\/bottegadarteportorotondo.it\/index.php?rest_route=\/wp\/v2\/product\/250"}],"collection":[{"href":"https:\/\/bottegadarteportorotondo.it\/index.php?rest_route=\/wp\/v2\/product"}],"about":[{"href":"https:\/\/bottegadarteportorotondo.it\/index.php?rest_route=\/wp\/v2\/types\/product"}],"wp:featuredmedia":[{"embeddable":true,"href":"https:\/\/bottegadarteportorotondo.it\/index.php?rest_route=\/wp\/v2\/media\/251"}],"wp:attachment":[{"href":"https:\/\/bottegadarteportorotondo.it\/index.php?rest_route=%2Fwp%2Fv2%2Fmedia&parent=250"}],"wp:term":[{"taxonomy":"product_cat","embeddable":true,"href":"https:\/\/bottegadarteportorotondo.it\/index.php?rest_route=%2Fwp%2Fv2%2Fproduct_cat&post=250"},{"taxonomy":"product_tag","embeddable":true,"href":"https:\/\/bottegadarteportorotondo.it\/index.php?rest_route=%2Fwp%2Fv2%2Fproduct_tag&post=250"}],"curies":[{"name":"wp","href":"https:\/\/api.w.org\/{rel}","templated":true}]}}