{"id":215,"date":"2024-05-06T17:43:16","date_gmt":"2024-05-06T15:43:16","guid":{"rendered":"https:\/\/bottegadarteportorotondo.it\/?post_type=product&#038;p=215"},"modified":"2024-06-28T16:46:19","modified_gmt":"2024-06-28T14:46:19","slug":"sgabello-in-ferro","status":"publish","type":"product","link":"https:\/\/bottegadarteportorotondo.it\/?product=sgabello-in-ferro","title":{"rendered":"SGABELLO IN FERRO"},"content":{"rendered":"<h2>Un oggetto versatile per molteplici utilizzi<\/h2>\n<p>Questo sgabello \u00e8 un prodotto davvero versatile che pu\u00f2 essere utilizzato in diversi modi a seconda delle tue esigenze. Pu\u00f2 essere utilizzato come uno sgabello tradizionale, offrendo un posto comodo per sedersi o poggiarsi durante le attivit\u00e0 quotidiane.<\/p>\n<p>Pu\u00f2 essere anche un elegante comodino per il tuo letto. Grazie alle sue dimensioni compatte, si adatta perfettamente ai lati del letto, offrendo uno spazio utile per posizionare una lampada da lettura, un orologio o altri oggetti personali.<\/p>\n<p>Realizzato con materiali di alta qualit\u00e0, questo sgabello \u00e8 resistente e durevole. Il suo design moderno e minimalista si adatta a qualsiasi tipo di arredamento, aggiungendo un tocco di stile e funzionalit\u00e0 alla tua casa.<\/p>\n<p>&nbsp;<\/p>\n","protected":false},"excerpt":{"rendered":"<p>Un oggetto versatile per molteplici utilizzi Questo sgabello \u00e8 un prodotto davvero versatile che pu\u00f2 essere utilizzato in diversi modi a seconda delle tue esigenze. Pu\u00f2 essere utilizzato come uno sgabello tradizionale, offrendo un posto comodo per sedersi o poggiarsi durante le attivit\u00e0 quotidiane. Pu\u00f2 essere anche un elegante comodino per il tuo letto. Grazie&#8230;<\/p>\n","protected":false},"featured_media":216,"template":"","meta":{"_monsterinsights_skip_tracking":false,"_monsterinsights_sitenote_active":false,"_monsterinsights_sitenote_note":"","_monsterinsights_sitenote_category":0,"_kadence_starter_templates_imported_post":false,"_kad_post_transparent":"default","_kad_post_title":"","_kad_post_layout":"default","_kad_post_sidebar_id":"","_kad_post_content_style":"default","_kad_post_vertical_padding":"default","_kad_post_feature":"","_kad_post_feature_position":"","_kad_post_header":false,"_kad_post_footer":false},"product_cat":[15],"product_tag":[],"aioseo_notices":[],"jetpack_sharing_enabled":true,"_links":{"self":[{"href":"https:\/\/bottegadarteportorotondo.it\/index.php?rest_route=\/wp\/v2\/product\/215"}],"collection":[{"href":"https:\/\/bottegadarteportorotondo.it\/index.php?rest_route=\/wp\/v2\/product"}],"about":[{"href":"https:\/\/bottegadarteportorotondo.it\/index.php?rest_route=\/wp\/v2\/types\/product"}],"wp:featuredmedia":[{"embeddable":true,"href":"https:\/\/bottegadarteportorotondo.it\/index.php?rest_route=\/wp\/v2\/media\/216"}],"wp:attachment":[{"href":"https:\/\/bottegadarteportorotondo.it\/index.php?rest_route=%2Fwp%2Fv2%2Fmedia&parent=215"}],"wp:term":[{"taxonomy":"product_cat","embeddable":true,"href":"https:\/\/bottegadarteportorotondo.it\/index.php?rest_route=%2Fwp%2Fv2%2Fproduct_cat&post=215"},{"taxonomy":"product_tag","embeddable":true,"href":"https:\/\/bottegadarteportorotondo.it\/index.php?rest_route=%2Fwp%2Fv2%2Fproduct_tag&post=215"}],"curies":[{"name":"wp","href":"https:\/\/api.w.org\/{rel}","templated":true}]}}