{"id":168,"date":"2024-05-03T18:25:44","date_gmt":"2024-05-03T16:25:44","guid":{"rendered":"https:\/\/bottegadarteportorotondo.it\/?post_type=product&#038;p=168"},"modified":"2024-05-03T18:25:44","modified_gmt":"2024-05-03T16:25:44","slug":"copripiumino-in-lino","status":"publish","type":"product","link":"https:\/\/bottegadarteportorotondo.it\/?product=copripiumino-in-lino","title":{"rendered":"COPRIPIUMINO IN LINO"},"content":{"rendered":"<h2>Il completo letto copripiumino in puro lino: un&#8217;aggiunta elegante alla tua camera da letto<\/h2>\n<p>Se stai cercando un modo per aggiungere un tocco di eleganza alla tua camera da letto, il completo letto copripiumino in puro lino \u00e8 la scelta perfetta. Realizzato con materiali di alta qualit\u00e0 e design raffinato, questo completo letto trasformer\u00e0 la tua camera in uno spazio accogliente e sofisticato.<\/p>\n<p>&nbsp;<\/p>\n<p>&nbsp;<\/p>\n","protected":false},"excerpt":{"rendered":"<p>Il completo letto copripiumino in puro lino: un&#8217;aggiunta elegante alla tua camera da letto Se stai cercando un modo per aggiungere un tocco di eleganza alla tua camera da letto, il completo letto copripiumino in puro lino \u00e8 la scelta perfetta. Realizzato con materiali di alta qualit\u00e0 e design raffinato, questo completo letto trasformer\u00e0 la&#8230;<\/p>\n","protected":false},"featured_media":169,"template":"","meta":{"_monsterinsights_skip_tracking":false,"_monsterinsights_sitenote_active":false,"_monsterinsights_sitenote_note":"","_monsterinsights_sitenote_category":0,"_kadence_starter_templates_imported_post":false,"_kad_post_transparent":"default","_kad_post_title":"","_kad_post_layout":"default","_kad_post_sidebar_id":"","_kad_post_content_style":"default","_kad_post_vertical_padding":"default","_kad_post_feature":"","_kad_post_feature_position":"","_kad_post_header":false,"_kad_post_footer":false},"product_cat":[15],"product_tag":[],"aioseo_notices":[],"jetpack_sharing_enabled":true,"_links":{"self":[{"href":"https:\/\/bottegadarteportorotondo.it\/index.php?rest_route=\/wp\/v2\/product\/168"}],"collection":[{"href":"https:\/\/bottegadarteportorotondo.it\/index.php?rest_route=\/wp\/v2\/product"}],"about":[{"href":"https:\/\/bottegadarteportorotondo.it\/index.php?rest_route=\/wp\/v2\/types\/product"}],"wp:featuredmedia":[{"embeddable":true,"href":"https:\/\/bottegadarteportorotondo.it\/index.php?rest_route=\/wp\/v2\/media\/169"}],"wp:attachment":[{"href":"https:\/\/bottegadarteportorotondo.it\/index.php?rest_route=%2Fwp%2Fv2%2Fmedia&parent=168"}],"wp:term":[{"taxonomy":"product_cat","embeddable":true,"href":"https:\/\/bottegadarteportorotondo.it\/index.php?rest_route=%2Fwp%2Fv2%2Fproduct_cat&post=168"},{"taxonomy":"product_tag","embeddable":true,"href":"https:\/\/bottegadarteportorotondo.it\/index.php?rest_route=%2Fwp%2Fv2%2Fproduct_tag&post=168"}],"curies":[{"name":"wp","href":"https:\/\/api.w.org\/{rel}","templated":true}]}}