{"id":147,"date":"2024-04-29T18:19:07","date_gmt":"2024-04-29T16:19:07","guid":{"rendered":"https:\/\/bottegadarteportorotondo.it\/?post_type=product&#038;p=147"},"modified":"2024-06-11T14:13:37","modified_gmt":"2024-06-11T12:13:37","slug":"coppia-accapatoi","status":"publish","type":"product","link":"https:\/\/bottegadarteportorotondo.it\/?product=coppia-accapatoi","title":{"rendered":"COPPIA ACCAPATOI"},"content":{"rendered":"<h2>Accappatoio in morbida spugna con iniziale ricamata<\/h2>\n<p>L&#8217;accappatoio in morbida spugna con iniziale ricamata \u00e8 l&#8217;accessorio perfetto per rendere le tue giornate di relax ancora pi\u00f9 confortevoli e personalizzate. Realizzato con materiali di alta qualit\u00e0, questo accappatoio ti avvolger\u00e0 in un morbido abbraccio dopo la doccia o il bagno.<\/p>\n","protected":false},"excerpt":{"rendered":"<p>Accappatoio in morbida spugna con iniziale ricamata L&#8217;accappatoio in morbida spugna con iniziale ricamata \u00e8 l&#8217;accessorio perfetto per rendere le tue giornate di relax ancora pi\u00f9 confortevoli e personalizzate. Realizzato con materiali di alta qualit\u00e0, questo accappatoio ti avvolger\u00e0 in un morbido abbraccio dopo la doccia o il bagno.<\/p>\n","protected":false},"featured_media":150,"template":"","meta":{"_monsterinsights_skip_tracking":false,"_monsterinsights_sitenote_active":false,"_monsterinsights_sitenote_note":"","_monsterinsights_sitenote_category":0,"_kadence_starter_templates_imported_post":false,"_kad_post_transparent":"default","_kad_post_title":"","_kad_post_layout":"default","_kad_post_sidebar_id":"","_kad_post_content_style":"default","_kad_post_vertical_padding":"default","_kad_post_feature":"","_kad_post_feature_position":"","_kad_post_header":false,"_kad_post_footer":false},"product_cat":[15],"product_tag":[],"aioseo_notices":[],"jetpack_sharing_enabled":true,"_links":{"self":[{"href":"https:\/\/bottegadarteportorotondo.it\/index.php?rest_route=\/wp\/v2\/product\/147"}],"collection":[{"href":"https:\/\/bottegadarteportorotondo.it\/index.php?rest_route=\/wp\/v2\/product"}],"about":[{"href":"https:\/\/bottegadarteportorotondo.it\/index.php?rest_route=\/wp\/v2\/types\/product"}],"wp:featuredmedia":[{"embeddable":true,"href":"https:\/\/bottegadarteportorotondo.it\/index.php?rest_route=\/wp\/v2\/media\/150"}],"wp:attachment":[{"href":"https:\/\/bottegadarteportorotondo.it\/index.php?rest_route=%2Fwp%2Fv2%2Fmedia&parent=147"}],"wp:term":[{"taxonomy":"product_cat","embeddable":true,"href":"https:\/\/bottegadarteportorotondo.it\/index.php?rest_route=%2Fwp%2Fv2%2Fproduct_cat&post=147"},{"taxonomy":"product_tag","embeddable":true,"href":"https:\/\/bottegadarteportorotondo.it\/index.php?rest_route=%2Fwp%2Fv2%2Fproduct_tag&post=147"}],"curies":[{"name":"wp","href":"https:\/\/api.w.org\/{rel}","templated":true}]}}