{"id":32,"date":"2024-03-04T21:48:25","date_gmt":"2024-03-04T20:48:25","guid":{"rendered":"https:\/\/bottegadarteportorotondo.it\/?page_id=32"},"modified":"2024-04-11T16:41:39","modified_gmt":"2024-04-11T14:41:39","slug":"chi-siamo","status":"publish","type":"page","link":"https:\/\/bottegadarteportorotondo.it\/?page_id=32","title":{"rendered":"Chi siamo"},"content":{"rendered":"\t\t<div data-elementor-type=\"wp-page\" data-elementor-id=\"32\" class=\"elementor elementor-32\" data-elementor-post-type=\"page\">\n\t\t\t\t<div class=\"elementor-element elementor-element-732a9b3 e-flex e-con-boxed e-con e-parent\" data-id=\"732a9b3\" data-element_type=\"container\">\n\t\t\t\t\t<div class=\"e-con-inner\">\n\t\t<div class=\"elementor-element elementor-element-6439e5e e-con-full e-flex e-con e-child\" data-id=\"6439e5e\" data-element_type=\"container\">\n\t\t\t\t<div class=\"elementor-element elementor-element-76a21b9 elementor-widget elementor-widget-text-editor\" data-id=\"76a21b9\" data-element_type=\"widget\" data-widget_type=\"text-editor.default\">\n\t\t\t\t<div class=\"elementor-widget-container\">\n\t\t\t\t\t\t\t\t\t<h2><b>Bottega d&#8217;Arte<\/b><\/h2><p>Benvenuti da Bottega d&#8217;Arte, il luogo dove il vostro spazio si trasforma. Situati nel cuore di Porto Rotondo, in via Monte Ladu, ci impegniamo a offrire un&#8217;esperienza di acquisto unica e informale per i nostri clienti di Porto Rotondo, Porto Cervo, Costa Smeralda e oltre, nella splendida Sardegna.<\/p><p>La nostra passione per la bellezza, la creativit\u00e0 e l&#8217;eleganza ci spinge a cercare costantemente articoli di arredo armoniosi, artigianali e dal design ricercato. Ogni pezzo presente nel nostro negozio \u00e8 selezionato con cura per garantire non solo l&#8217;estetica, ma anche la qualit\u00e0 e l&#8217;originalit\u00e0.<\/p><p>Da Bottega d&#8217;Arte non ci limitiamo a vendere semplicemente oggetti; ci impegniamo a creare ambienti che riflettano la personalit\u00e0 e lo stile di ogni cliente. Siamo a disposizione per guidarvi e ispirarvi nella creazione dello spazio dei vostri sogni, offrendo consulenza personalizzata e suggerimenti per trasformare la vostra casa in un rifugio elegante e accogliente.<\/p>\t\t\t\t\t\t\t\t<\/div>\n\t\t\t\t<\/div>\n\t\t\t\t<\/div>\n\t\t<div class=\"elementor-element elementor-element-8f2928b e-con-full e-flex e-con e-child\" data-id=\"8f2928b\" data-element_type=\"container\">\n\t\t\t\t<div class=\"elementor-element elementor-element-2160a88 elementor-widget elementor-widget-image\" data-id=\"2160a88\" data-element_type=\"widget\" data-widget_type=\"image.default\">\n\t\t\t\t<div class=\"elementor-widget-container\">\n\t\t\t\t\t\t\t\t\t\t\t\t\t\t\t<img decoding=\"async\" src=\"https:\/\/bottegadarteportorotondo.it\/wp-content\/uploads\/2024\/03\/myyour-22-58-1350x900-1.jpg\" title=\"myyour-22-58-1350&#215;900\" alt=\"myyour-22-58-1350x900\" loading=\"lazy\" \/>\t\t\t\t\t\t\t\t\t\t\t\t\t\t\t<\/div>\n\t\t\t\t<\/div>\n\t\t\t\t<\/div>\n\t\t\t\t\t<\/div>\n\t\t\t\t<\/div>\n\t\t\t\t<\/div>\n\t\t","protected":false},"excerpt":{"rendered":"<p>Bottega d&#8217;Arte Benvenuti da Bottega d&#8217;Arte, il luogo dove il vostro spazio si trasforma. Situati nel cuore di Porto Rotondo, in via Monte Ladu, ci impegniamo a offrire un&#8217;esperienza di acquisto unica e informale per i nostri clienti di Porto Rotondo, Porto Cervo, Costa Smeralda e oltre, nella splendida Sardegna. La nostra passione per la&#8230;<\/p>\n","protected":false},"author":1,"featured_media":0,"parent":0,"menu_order":0,"comment_status":"closed","ping_status":"closed","template":"","meta":{"_monsterinsights_skip_tracking":false,"_monsterinsights_sitenote_active":false,"_monsterinsights_sitenote_note":"","_monsterinsights_sitenote_category":0,"_kadence_starter_templates_imported_post":false,"_kad_post_transparent":"","_kad_post_title":"hide","_kad_post_layout":"fullwidth","_kad_post_sidebar_id":"","_kad_post_content_style":"unboxed","_kad_post_vertical_padding":"hide","_kad_post_feature":"hide","_kad_post_feature_position":"","_kad_post_header":false,"_kad_post_footer":false,"footnotes":""},"aioseo_notices":[],"jetpack_sharing_enabled":true,"_links":{"self":[{"href":"https:\/\/bottegadarteportorotondo.it\/index.php?rest_route=\/wp\/v2\/pages\/32"}],"collection":[{"href":"https:\/\/bottegadarteportorotondo.it\/index.php?rest_route=\/wp\/v2\/pages"}],"about":[{"href":"https:\/\/bottegadarteportorotondo.it\/index.php?rest_route=\/wp\/v2\/types\/page"}],"author":[{"embeddable":true,"href":"https:\/\/bottegadarteportorotondo.it\/index.php?rest_route=\/wp\/v2\/users\/1"}],"replies":[{"embeddable":true,"href":"https:\/\/bottegadarteportorotondo.it\/index.php?rest_route=%2Fwp%2Fv2%2Fcomments&post=32"}],"version-history":[{"count":16,"href":"https:\/\/bottegadarteportorotondo.it\/index.php?rest_route=\/wp\/v2\/pages\/32\/revisions"}],"predecessor-version":[{"id":105,"href":"https:\/\/bottegadarteportorotondo.it\/index.php?rest_route=\/wp\/v2\/pages\/32\/revisions\/105"}],"wp:attachment":[{"href":"https:\/\/bottegadarteportorotondo.it\/index.php?rest_route=%2Fwp%2Fv2%2Fmedia&parent=32"}],"curies":[{"name":"wp","href":"https:\/\/api.w.org\/{rel}","templated":true}]}}